{"id":639,"date":"2024-05-14T07:35:17","date_gmt":"2024-05-14T07:35:17","guid":{"rendered":"https:\/\/fribourgpartners.ch\/?page_id=639"},"modified":"2024-06-19T19:42:53","modified_gmt":"2024-06-19T17:42:53","slug":"impressum","status":"publish","type":"page","link":"https:\/\/fribourgpartners.ch\/pt\/impressum\/","title":{"rendered":"Impressum"},"content":{"rendered":"<div data-elementor-type=\"wp-page\" data-elementor-id=\"639\" class=\"elementor elementor-639\" data-elementor-post-type=\"page\">\n\t\t\t\t<div class=\"elementor-element elementor-element-f21a5e5 e-con-full e-flex e-con e-parent\" data-id=\"f21a5e5\" data-element_type=\"container\" data-e-type=\"container\">\n\t\t\t\t<div class=\"elementor-element elementor-element-a71534c elementor-widget elementor-widget-heading\" data-id=\"a71534c\" data-element_type=\"widget\" data-e-type=\"widget\" data-widget_type=\"heading.default\">\n\t\t\t\t<div class=\"elementor-widget-container\">\n\t\t\t\t\t<h1 class=\"elementor-heading-title elementor-size-default\">Impressum<\/h1>\t\t\t\t<\/div>\n\t\t\t\t<\/div>\n\t\t\t\t<div class=\"elementor-element elementor-element-0c4b9cb elementor-widget elementor-widget-text-editor\" data-id=\"0c4b9cb\" data-element_type=\"widget\" data-e-type=\"widget\" data-widget_type=\"text-editor.default\">\n\t\t\t\t<div class=\"elementor-widget-container\">\n\t\t\t\t\t\t\t\t\t<p>Fribourg Partners<br \/>Avocats et Notaires<\/p><p>Boulevard de P\u00e9rolles 12-14<br \/>CP 320<br \/>1701 Fribourg<\/p><p>Rue Saint-Pierre 4<br \/>CP 218 <br \/>1700 Fribourg<\/p><p>+41 26 347 49 47<br \/><span style=\"text-decoration: underline;\"><a href=\"mailto:info@frpa.ch\">info@frpa.ch<\/a><\/span><\/p><p>All rights reserved. Images, texts, graphics, and other works presented and published on this website, as well as their arrangement, are subject to copyright by Fribourg Partners.<\/p><p>Webdesign: skippr.ch<\/p>\t\t\t\t\t\t\t\t<\/div>\n\t\t\t\t<\/div>\n\t\t\t\t<\/div>\n\t\t\t\t<\/div>","protected":false},"excerpt":{"rendered":"<p>Impressum Fribourg PartnersAvocats et Notaires Boulevard de P\u00e9rolles 12-14CP 3201701 Fribourg Rue Saint-Pierre 4CP 218 1700 Fribourg +41 26 347 49 47info@frpa.ch Tous les droits sont r\u00e9serv\u00e9s. Les images, textes, graphiques et autres \u0153uvres pr\u00e9sent\u00e9es et publi\u00e9es sur ce site web ainsi que leur disposition sont soumis au copyright Fribourg Partners. Webdesign: skippr.ch<\/p>","protected":false},"author":1,"featured_media":0,"parent":0,"menu_order":0,"comment_status":"closed","ping_status":"closed","template":"","meta":{"_acf_changed":false,"footnotes":""},"class_list":["post-639","page","type-page","status-publish","hentry"],"acf":[],"_links":{"self":[{"href":"https:\/\/fribourgpartners.ch\/pt\/wp-json\/wp\/v2\/pages\/639","targetHints":{"allow":["GET"]}}],"collection":[{"href":"https:\/\/fribourgpartners.ch\/pt\/wp-json\/wp\/v2\/pages"}],"about":[{"href":"https:\/\/fribourgpartners.ch\/pt\/wp-json\/wp\/v2\/types\/page"}],"author":[{"embeddable":true,"href":"https:\/\/fribourgpartners.ch\/pt\/wp-json\/wp\/v2\/users\/1"}],"replies":[{"embeddable":true,"href":"https:\/\/fribourgpartners.ch\/pt\/wp-json\/wp\/v2\/comments?post=639"}],"version-history":[{"count":46,"href":"https:\/\/fribourgpartners.ch\/pt\/wp-json\/wp\/v2\/pages\/639\/revisions"}],"predecessor-version":[{"id":1399,"href":"https:\/\/fribourgpartners.ch\/pt\/wp-json\/wp\/v2\/pages\/639\/revisions\/1399"}],"wp:attachment":[{"href":"https:\/\/fribourgpartners.ch\/pt\/wp-json\/wp\/v2\/media?parent=639"}],"curies":[{"name":"wp","href":"https:\/\/api.w.org\/{rel}","templated":true}]}}