{"id":1811,"date":"2024-07-26T15:34:10","date_gmt":"2024-07-26T13:34:10","guid":{"rendered":"https:\/\/fribourgpartners.ch\/?page_id=1811"},"modified":"2025-12-15T12:59:39","modified_gmt":"2025-12-15T11:59:39","slug":"telmo-vicente-pt","status":"publish","type":"page","link":"https:\/\/fribourgpartners.ch\/en\/telmo-vicente-pt\/","title":{"rendered":"Telmo Vicente (PT)"},"content":{"rendered":"<div data-elementor-type=\"wp-page\" data-elementor-id=\"1811\" class=\"elementor elementor-1811\" data-elementor-post-type=\"page\">\n\t\t\t\t<div class=\"elementor-element elementor-element-2c950a2 e-con-full bullets e-flex e-con e-parent\" data-id=\"2c950a2\" data-element_type=\"container\" data-e-type=\"container\">\n\t\t<div class=\"elementor-element elementor-element-b965f00 e-grid e-con-full e-con e-child\" data-id=\"b965f00\" data-element_type=\"container\" data-e-type=\"container\">\n\t\t<div class=\"elementor-element elementor-element-d7d5428 e-flex e-con-boxed e-con e-child\" data-id=\"d7d5428\" data-element_type=\"container\" data-e-type=\"container\">\n\t\t\t\t\t<div class=\"e-con-inner\">\n\t\t\t\t<div class=\"elementor-element elementor-element-cf37d34 elementor-widget elementor-widget-heading\" data-id=\"cf37d34\" data-element_type=\"widget\" data-e-type=\"widget\" data-widget_type=\"heading.default\">\n\t\t\t\t<div class=\"elementor-widget-container\">\n\t\t\t\t\t<h1 class=\"elementor-heading-title elementor-size-default\">Telmo Vicente<\/h1>\t\t\t\t<\/div>\n\t\t\t\t<\/div>\n\t\t\t\t<div class=\"elementor-element elementor-element-cae87d8 elementor-widget elementor-widget-heading\" data-id=\"cae87d8\" data-element_type=\"widget\" data-e-type=\"widget\" data-widget_type=\"heading.default\">\n\t\t\t\t<div class=\"elementor-widget-container\">\n\t\t\t\t\t<h3 class=\"elementor-heading-title elementor-size-default\">Advogado, associado<\/h3>\t\t\t\t<\/div>\n\t\t\t\t<\/div>\n\t\t\t\t<div class=\"elementor-element elementor-element-df2eda4 elementor-widget elementor-widget-heading\" data-id=\"df2eda4\" data-element_type=\"widget\" data-e-type=\"widget\" data-widget_type=\"heading.default\">\n\t\t\t\t<div class=\"elementor-widget-container\">\n\t\t\t\t\t<p class=\"elementor-heading-title elementor-size-default\"><a href=\"tel:+41263474947\">+41 26 347 49 47<\/a><\/p>\t\t\t\t<\/div>\n\t\t\t\t<\/div>\n\t\t\t\t<div class=\"elementor-element elementor-element-c01c31a elementor-widget elementor-widget-heading\" data-id=\"c01c31a\" data-element_type=\"widget\" data-e-type=\"widget\" data-widget_type=\"heading.default\">\n\t\t\t\t<div class=\"elementor-widget-container\">\n\t\t\t\t\t<p class=\"elementor-heading-title elementor-size-default\"><a href=\"mailto:t.vicente@frpa.ch\">t.vicente@frpa.ch<\/a><\/p>\t\t\t\t<\/div>\n\t\t\t\t<\/div>\n\t\t\t\t\t<\/div>\n\t\t\t\t<\/div>\n\t\t<div class=\"elementor-element elementor-element-d6f8af9 e-con-full e-flex e-con e-child\" data-id=\"d6f8af9\" data-element_type=\"container\" data-e-type=\"container\" data-settings=\"{&quot;background_background&quot;:&quot;classic&quot;}\">\n\t\t\t\t<\/div>\n\t\t\t\t<\/div>\n\t\t<div class=\"elementor-element elementor-element-7b5096b e-con-full e-flex e-con e-child\" data-id=\"7b5096b\" data-element_type=\"container\" data-e-type=\"container\">\n\t\t<div class=\"elementor-element elementor-element-4f0f097 e-con-full e-flex e-con e-child\" data-id=\"4f0f097\" data-element_type=\"container\" data-e-type=\"container\">\n\t\t\t\t<div class=\"elementor-element elementor-element-38e87ca elementor-widget elementor-widget-heading\" data-id=\"38e87ca\" data-element_type=\"widget\" data-e-type=\"widget\" data-widget_type=\"heading.default\">\n\t\t\t\t<div class=\"elementor-widget-container\">\n\t\t\t\t\t<h3 class=\"elementor-heading-title elementor-size-default\">L\u00cdNGUAS FALADAS<\/h3>\t\t\t\t<\/div>\n\t\t\t\t<\/div>\n\t\t\t\t<div class=\"elementor-element elementor-element-353ca28 elementor-widget__width-initial elementor-widget elementor-widget-text-editor\" data-id=\"353ca28\" data-element_type=\"widget\" data-e-type=\"widget\" data-widget_type=\"text-editor.default\">\n\t\t\t\t<div class=\"elementor-widget-container\">\n\t\t\t\t\t\t\t\t\t<p><span style=\"font-family: Figtree, serif;\"><span lang=\"pt-BR\">Franc\u00eas, Portugu\u00eas<\/span><\/span><\/p>\t\t\t\t\t\t\t\t<\/div>\n\t\t\t\t<\/div>\n\t\t\t\t<\/div>\n\t\t\t\t<\/div>\n\t\t<div class=\"elementor-element elementor-element-1fd1712 e-con-full e-flex e-con e-child\" data-id=\"1fd1712\" data-element_type=\"container\" data-e-type=\"container\">\n\t\t<div class=\"elementor-element elementor-element-68386b2 e-con-full e-flex e-con e-child\" data-id=\"68386b2\" data-element_type=\"container\" data-e-type=\"container\">\n\t\t\t\t<div class=\"elementor-element elementor-element-2d7cb4b elementor-widget elementor-widget-heading\" data-id=\"2d7cb4b\" data-element_type=\"widget\" data-e-type=\"widget\" data-widget_type=\"heading.default\">\n\t\t\t\t<div class=\"elementor-widget-container\">\n\t\t\t\t\t<h3 class=\"elementor-heading-title elementor-size-default\">Areas of Expertise<\/h3>\t\t\t\t<\/div>\n\t\t\t\t<\/div>\n\t\t\t\t<div class=\"elementor-element elementor-element-c6080f0 elementor-widget elementor-widget-text-editor\" data-id=\"c6080f0\" data-element_type=\"widget\" data-e-type=\"widget\" data-widget_type=\"text-editor.default\">\n\t\t\t\t<div class=\"elementor-widget-container\">\n\t\t\t\t\t\t\t\t\t<ul><li>Direito da fam\u00edlia (separa\u00e7\u00e3o \/ div\u00f3rcio)<\/li><li>Concubinato<\/li><li>Direito das sucess\u00f5es<\/li><li>Direito do trabalho<\/li><li>Direito comercial e das sociedades<\/li><li>Imobili\u00e1rio<\/li><li>Direito internacional privado<\/li><li>Coopera\u00e7\u00e3o judici\u00e1ria internacional em mat\u00e9ria civil e comercial<\/li><li>Direito dos seguros privados e sociais (patrim\u00f3nio; sa\u00fade: acidente, doen\u00e7a, invalidez)<\/li><li>Direito penal geral, administrativo e econ\u00f3mico<\/li><li>Resolu\u00e7\u00e3o extrajudicial de conflitos<\/li><li>Contencioso judicial<\/li><li>Arbitragem<\/li><li>Apoio judici\u00e1rio<\/li><\/ul>\t\t\t\t\t\t\t\t<\/div>\n\t\t\t\t<\/div>\n\t\t\t\t<\/div>\n\t\t<div class=\"elementor-element elementor-element-bdc326a e-con-full e-flex e-con e-child\" data-id=\"bdc326a\" data-element_type=\"container\" data-e-type=\"container\">\n\t\t\t\t<div class=\"elementor-element elementor-element-9b68cc9 elementor-widget elementor-widget-heading\" data-id=\"9b68cc9\" data-element_type=\"widget\" data-e-type=\"widget\" data-widget_type=\"heading.default\">\n\t\t\t\t<div class=\"elementor-widget-container\">\n\t\t\t\t\t<h2 class=\"elementor-heading-title elementor-size-default\">LOCALIDADE<\/h2>\t\t\t\t<\/div>\n\t\t\t\t<\/div>\n\t\t\t\t<div class=\"elementor-element elementor-element-f64c169 elementor-widget elementor-widget-text-editor\" data-id=\"f64c169\" data-element_type=\"widget\" data-e-type=\"widget\" data-widget_type=\"text-editor.default\">\n\t\t\t\t<div class=\"elementor-widget-container\">\n\t\t\t\t\t\t\t\t\t<p><em>Escrit\u00f3rio principal e endere\u00e7o para correspond\u00eancia:<\/em><\/p><p>Escrit\u00f3rio em Friburgo<br \/>Boulevard de P\u00e9rolles 12<br \/>1700 Friburgo<\/p>\t\t\t\t\t\t\t\t<\/div>\n\t\t\t\t<\/div>\n\t\t\t\t<div class=\"elementor-element elementor-element-b564ecc elementor-widget elementor-widget-text-editor\" data-id=\"b564ecc\" data-element_type=\"widget\" data-e-type=\"widget\" data-widget_type=\"text-editor.default\">\n\t\t\t\t<div class=\"elementor-widget-container\">\n\t\t\t\t\t\t\t\t\t<p><em>Esrit\u00f3rio secund\u00e1rio (s\u00f3 com marca\u00e7\u00e3o pr\u00e9via):<\/em><\/p><p>Escrit\u00f3rio em Bulle<br \/>Rue de Gruy\u00e8res 65<br \/>1630 Bulle<br \/><br \/>Escrit\u00f3rio em Romont<br \/>Grand Rue 28<br \/>1680 Bulle<\/p>\t\t\t\t\t\t\t\t<\/div>\n\t\t\t\t<\/div>\n\t\t\t\t<div class=\"elementor-element elementor-element-19e4d01 elementor-widget elementor-widget-heading\" data-id=\"19e4d01\" data-element_type=\"widget\" data-e-type=\"widget\" data-widget_type=\"heading.default\">\n\t\t\t\t<div class=\"elementor-widget-container\">\n\t\t\t\t\t<h3 class=\"elementor-heading-title elementor-size-default\">ASSISTENTES<\/h3>\t\t\t\t<\/div>\n\t\t\t\t<\/div>\n\t\t\t\t<div class=\"elementor-element elementor-element-1671d35 elementor-widget elementor-widget-text-editor\" data-id=\"1671d35\" data-element_type=\"widget\" data-e-type=\"widget\" data-widget_type=\"text-editor.default\">\n\t\t\t\t<div class=\"elementor-widget-container\">\n\t\t\t\t\t\t\t\t\t<p><span style=\"font-family: Figtree, serif;\"><span lang=\"pt-BR\">Beatriz Rosa (<a href=\"mailto:secretariat.vicente@frpa.ch\">secretariat.vicente@frpa.ch<\/a>)<\/span><\/span><\/p>\t\t\t\t\t\t\t\t<\/div>\n\t\t\t\t<\/div>\n\t\t\t\t<\/div>\n\t\t\t\t<\/div>\n\t\t\t\t<\/div>\n\t\t\t\t<\/div>","protected":false},"excerpt":{"rendered":"<p>Telmo Vicente Advogado, associado +41 26 347 49 47 t.vicente@frpa.ch L\u00cdNGUAS FALADAS Franc\u00eas, Portugu\u00eas Domaines principaux Direito da fam\u00edlia (separa\u00e7\u00e3o \/ div\u00f3rcio) Concubinato Direito das sucess\u00f5es Direito do trabalho Direito comercial e das sociedades Imobili\u00e1rio Direito internacional privado Coopera\u00e7\u00e3o judici\u00e1ria internacional em mat\u00e9ria civil e comercial Direito dos seguros privados e sociais (patrim\u00f3nio; sa\u00fade: acidente, [&hellip;]<\/p>\n","protected":false},"author":4,"featured_media":0,"parent":0,"menu_order":0,"comment_status":"closed","ping_status":"closed","template":"","meta":{"_acf_changed":false,"footnotes":""},"class_list":["post-1811","page","type-page","status-publish","hentry"],"acf":[],"_links":{"self":[{"href":"https:\/\/fribourgpartners.ch\/en\/wp-json\/wp\/v2\/pages\/1811","targetHints":{"allow":["GET"]}}],"collection":[{"href":"https:\/\/fribourgpartners.ch\/en\/wp-json\/wp\/v2\/pages"}],"about":[{"href":"https:\/\/fribourgpartners.ch\/en\/wp-json\/wp\/v2\/types\/page"}],"author":[{"embeddable":true,"href":"https:\/\/fribourgpartners.ch\/en\/wp-json\/wp\/v2\/users\/4"}],"replies":[{"embeddable":true,"href":"https:\/\/fribourgpartners.ch\/en\/wp-json\/wp\/v2\/comments?post=1811"}],"version-history":[{"count":34,"href":"https:\/\/fribourgpartners.ch\/en\/wp-json\/wp\/v2\/pages\/1811\/revisions"}],"predecessor-version":[{"id":1975,"href":"https:\/\/fribourgpartners.ch\/en\/wp-json\/wp\/v2\/pages\/1811\/revisions\/1975"}],"wp:attachment":[{"href":"https:\/\/fribourgpartners.ch\/en\/wp-json\/wp\/v2\/media?parent=1811"}],"curies":[{"name":"wp","href":"https:\/\/api.w.org\/{rel}","templated":true}]}}